{"id":6418,"date":"2024-05-02T15:49:30","date_gmt":"2024-05-02T12:49:30","guid":{"rendered":"https:\/\/europeforum.fi\/eurooppa-foorumista"},"modified":"2025-07-31T13:36:52","modified_gmt":"2025-07-31T10:36:52","slug":"eurooppa-foorumista","status":"publish","type":"page","link":"https:\/\/europeforum.fi\/en\/eurooppa-foorumista\/","title":{"rendered":"About Europe Forum"},"content":{"rendered":"[vc_row type=&#8221;full_width_background&#8221; full_screen_row_position=&#8221;middle&#8221; column_margin=&#8221;default&#8221; column_direction=&#8221;default&#8221; column_direction_tablet=&#8221;default&#8221; column_direction_phone=&#8221;default&#8221; bg_color=&#8221;#ffffff&#8221; animated_gradient_bg=&#8221;true&#8221; animated_gradient_bg_color_1=&#8221;#e5ecff&#8221; animated_gradient_bg_color_2=&#8221;#c6dcff&#8221; animated_gradient_bg_speed=&#8221;850&#8243; animated_gradient_bg_blending_mode=&#8221;linear&#8221; scene_position=&#8221;center&#8221; top_padding=&#8221;180&#8243; bottom_padding=&#8221;4%&#8221; top_padding_tablet=&#8221;50&#8243; top_padding_phone=&#8221;50&#8243; bottom_padding_phone=&#8221;15%&#8221; text_color=&#8221;dark&#8221; text_align=&#8221;left&#8221; row_border_radius=&#8221;none&#8221; row_border_radius_applies=&#8221;bg&#8221; overflow=&#8221;visible&#8221; overlay_strength=&#8221;0.3&#8243; gradient_direction=&#8221;left_to_right&#8221; shape_divider_position=&#8221;bottom&#8221; bg_image_animation=&#8221;none&#8221; gradient_type=&#8221;default&#8221; shape_type=&#8221;&#8221;][vc_column left_padding_desktop=&#8221;4%&#8221; constrain_group_101=&#8221;yes&#8221; right_padding_desktop=&#8221;4%&#8221; left_padding_tablet=&#8221;0&#8243; constrain_group_103=&#8221;yes&#8221; right_padding_tablet=&#8221;0&#8243; left_padding_phone=&#8221;0&#8243; constrain_group_105=&#8221;yes&#8221; right_padding_phone=&#8221;0&#8243; column_element_direction_desktop=&#8221;default&#8221; column_element_spacing=&#8221;default&#8221; desktop_text_alignment=&#8221;default&#8221; tablet_text_alignment=&#8221;default&#8221; phone_text_alignment=&#8221;default&#8221; background_color_opacity=&#8221;1&#8243; background_hover_color_opacity=&#8221;1&#8243; column_backdrop_filter=&#8221;none&#8221; column_shadow=&#8221;none&#8221; column_border_radius=&#8221;none&#8221; column_link_target=&#8221;_self&#8221; column_position=&#8221;default&#8221; gradient_direction=&#8221;left_to_right&#8221; overlay_strength=&#8221;0.3&#8243; width=&#8221;1\/1&#8243; tablet_width_inherit=&#8221;small_desktop&#8221; animation_type=&#8221;default&#8221; bg_image_animation=&#8221;none&#8221; border_type=&#8221;simple&#8221; column_border_width=&#8221;none&#8221; column_border_style=&#8221;solid&#8221; column_padding_type=&#8221;advanced&#8221; gradient_type=&#8221;default&#8221;][vc_row_inner equal_height=&#8221;yes&#8221; content_placement=&#8221;middle&#8221; column_margin=&#8221;100px&#8221; column_direction=&#8221;default&#8221; column_direction_tablet=&#8221;column_reverse&#8221; column_direction_phone=&#8221;column_reverse&#8221; text_align=&#8221;left&#8221; row_position=&#8221;default&#8221; row_position_tablet=&#8221;inherit&#8221; row_position_phone=&#8221;inherit&#8221; overflow=&#8221;visible&#8221; pointer_events=&#8221;all&#8221;][vc_column_inner column_padding=&#8221;no-extra-padding&#8221; column_padding_tablet=&#8221;inherit&#8221; column_padding_phone=&#8221;inherit&#8221; column_padding_position=&#8221;all&#8221; top_margin_tablet=&#8221;2%&#8221; bottom_margin_tablet=&#8221;2%&#8221; column_element_direction_desktop=&#8221;default&#8221; column_element_spacing=&#8221;default&#8221; desktop_text_alignment=&#8221;default&#8221; tablet_text_alignment=&#8221;default&#8221; phone_text_alignment=&#8221;default&#8221; background_color_opacity=&#8221;1&#8243; background_hover_color_opacity=&#8221;1&#8243; column_backdrop_filter=&#8221;none&#8221; column_shadow=&#8221;none&#8221; column_border_radius=&#8221;none&#8221; column_link_target=&#8221;_self&#8221; overflow=&#8221;visible&#8221; gradient_direction=&#8221;left_to_right&#8221; overlay_strength=&#8221;0.3&#8243; width=&#8221;3\/5&#8243; tablet_width_inherit=&#8221;default&#8221; animation_type=&#8221;default&#8221; bg_image_animation=&#8221;none&#8221; border_type=&#8221;simple&#8221; column_border_width=&#8221;none&#8221; column_border_style=&#8221;solid&#8221; column_padding_type=&#8221;default&#8221; gradient_type=&#8221;default&#8221;][nectar_responsive_text inherited_font_style=&#8221;default&#8221; text_color=&#8221;#003399&#8243; text_direction=&#8221;default&#8221; font_size_desktop=&#8221;77px&#8221; font_line_height=&#8221;1.1&#8243; font_size_phone=&#8221;50px&#8221; max_width=&#8221;570&#8243;]\n<h1>Europe Forum<\/h1>\n[\/nectar_responsive_text][\/vc_column_inner][vc_column_inner column_padding=&#8221;no-extra-padding&#8221; column_padding_tablet=&#8221;inherit&#8221; column_padding_phone=&#8221;inherit&#8221; column_padding_position=&#8221;all&#8221; column_element_direction_desktop=&#8221;default&#8221; column_element_spacing=&#8221;default&#8221; desktop_text_alignment=&#8221;default&#8221; tablet_text_alignment=&#8221;default&#8221; phone_text_alignment=&#8221;default&#8221; background_color_opacity=&#8221;1&#8243; background_hover_color_opacity=&#8221;1&#8243; column_backdrop_filter=&#8221;none&#8221; column_shadow=&#8221;none&#8221; column_border_radius=&#8221;none&#8221; column_link_target=&#8221;_self&#8221; overflow=&#8221;visible&#8221; gradient_direction=&#8221;left_to_right&#8221; overlay_strength=&#8221;0.3&#8243; width=&#8221;2\/5&#8243; tablet_width_inherit=&#8221;default&#8221; animation_type=&#8221;default&#8221; bg_image_animation=&#8221;none&#8221; border_type=&#8221;simple&#8221; column_border_width=&#8221;none&#8221; column_border_style=&#8221;solid&#8221; column_padding_type=&#8221;default&#8221; gradient_type=&#8221;default&#8221;][image_with_animation image_url=&#8221;6258&#8243; image_size=&#8221;full&#8221; animation_type=&#8221;entrance&#8221; animation=&#8221;None&#8221; animation_movement_type=&#8221;transform_y&#8221; hover_animation=&#8221;none&#8221; alignment=&#8221;&#8221; border_radius=&#8221;none&#8221; box_shadow=&#8221;none&#8221; image_loading=&#8221;default&#8221; max_width=&#8221;100%&#8221; max_width_mobile=&#8221;default&#8221; mask_enable=&#8221;true&#8221; mask_shape=&#8221;custom&#8221; mask_custom_image=&#8221;5962&#8243; mask_size=&#8221;contain&#8221;][\/vc_column_inner][\/vc_row_inner][\/vc_column][\/vc_row][vc_row type=&#8221;in_container&#8221; full_screen_row_position=&#8221;middle&#8221; column_margin=&#8221;default&#8221; column_direction=&#8221;default&#8221; column_direction_tablet=&#8221;default&#8221; column_direction_phone=&#8221;default&#8221; scene_position=&#8221;center&#8221; top_padding=&#8221;2%&#8221; bottom_padding=&#8221;4%&#8221; top_padding_tablet=&#8221;4%&#8221; bottom_padding_tablet=&#8221;8%&#8221; top_padding_phone=&#8221;6%&#8221; bottom_padding_phone=&#8221;12%&#8221; text_color=&#8221;dark&#8221; text_align=&#8221;left&#8221; row_border_radius=&#8221;none&#8221; row_border_radius_applies=&#8221;bg&#8221; overflow=&#8221;visible&#8221; overlay_strength=&#8221;0.3&#8243; gradient_direction=&#8221;left_to_right&#8221; shape_divider_position=&#8221;bottom&#8221; bg_image_animation=&#8221;none&#8221; gradient_type=&#8221;default&#8221; shape_type=&#8221;&#8221;][vc_column column_padding=&#8221;no-extra-padding&#8221; column_padding_tablet=&#8221;inherit&#8221; column_padding_phone=&#8221;inherit&#8221; column_padding_position=&#8221;all&#8221; left_margin=&#8221;4%&#8221; constrain_group_2=&#8221;yes&#8221; right_margin=&#8221;4%&#8221; left_margin_tablet=&#8221;0&#8243; constrain_group_4=&#8221;yes&#8221; right_margin_tablet=&#8221;0&#8243; left_margin_phone=&#8221;0&#8243; constrain_group_6=&#8221;yes&#8221; right_margin_phone=&#8221;0&#8243; column_element_direction_desktop=&#8221;default&#8221; column_element_spacing=&#8221;default&#8221; desktop_text_alignment=&#8221;default&#8221; tablet_text_alignment=&#8221;default&#8221; phone_text_alignment=&#8221;default&#8221; background_color_opacity=&#8221;1&#8243; background_hover_color_opacity=&#8221;1&#8243; column_backdrop_filter=&#8221;none&#8221; column_shadow=&#8221;none&#8221; column_border_radius=&#8221;none&#8221; column_link_target=&#8221;_self&#8221; column_position=&#8221;default&#8221; gradient_direction=&#8221;left_to_right&#8221; overlay_strength=&#8221;0.3&#8243; width=&#8221;1\/1&#8243; tablet_width_inherit=&#8221;default&#8221; animation_type=&#8221;default&#8221; bg_image_animation=&#8221;none&#8221; border_type=&#8221;simple&#8221; column_border_width=&#8221;none&#8221; column_border_style=&#8221;solid&#8221; column_padding_type=&#8221;default&#8221; gradient_type=&#8221;default&#8221;][vc_row_inner equal_height=&#8221;yes&#8221; content_placement=&#8221;top&#8221; column_margin=&#8221;100px&#8221; column_direction=&#8221;default&#8221; column_direction_tablet=&#8221;default&#8221; column_direction_phone=&#8221;default&#8221; top_padding=&#8221;2%&#8221; text_align=&#8221;left&#8221; row_position=&#8221;default&#8221; row_position_tablet=&#8221;inherit&#8221; row_position_phone=&#8221;inherit&#8221; overflow=&#8221;visible&#8221; pointer_events=&#8221;all&#8221;][vc_column_inner column_padding=&#8221;no-extra-padding&#8221; column_padding_tablet=&#8221;inherit&#8221; column_padding_phone=&#8221;inherit&#8221; column_padding_position=&#8221;all&#8221; column_element_direction_desktop=&#8221;default&#8221; column_element_spacing=&#8221;default&#8221; desktop_text_alignment=&#8221;default&#8221; tablet_text_alignment=&#8221;default&#8221; phone_text_alignment=&#8221;default&#8221; background_color_opacity=&#8221;1&#8243; background_hover_color_opacity=&#8221;1&#8243; column_backdrop_filter=&#8221;none&#8221; column_shadow=&#8221;none&#8221; column_border_radius=&#8221;none&#8221; column_link_target=&#8221;_self&#8221; overflow=&#8221;visible&#8221; gradient_direction=&#8221;left_to_right&#8221; overlay_strength=&#8221;0.3&#8243; width=&#8221;1\/2&#8243; tablet_width_inherit=&#8221;default&#8221; animation_type=&#8221;default&#8221; bg_image_animation=&#8221;none&#8221; border_type=&#8221;simple&#8221; column_border_width=&#8221;none&#8221; column_border_style=&#8221;solid&#8221;][nectar_responsive_text inherited_font_style=&#8221;default&#8221; text_color=&#8221;#003399&#8243; text_direction=&#8221;default&#8221;]\n<h3><span class=\"TextRun SCXW65457503 BCX8\" lang=\"EN-US\" xml:lang=\"EN-US\" data-contrast=\"auto\"><span class=\"NormalTextRun SCXW65457503 BCX8\">What is it?<\/span><\/span><\/h3>\n[\/nectar_responsive_text][vc_column_text css=&#8221;&#8221; text_direction=&#8221;default&#8221;]<span data-contrast=\"auto\">Europe Forum promotes open, science-based dialogue between citizens and policymakers. It is a platform for societal debate on the future of Europe, the development of the European Union, and Finland\u2019s role in Europe. At the Europe Forum, people from different walks of life get to meet each other; policymakers, non-governmental organisations, business sector, labour market organisations, specialists, and citizens.<\/span><span data-ccp-props=\"{}\">\u00a0<\/span><\/p>\n<p>The seminars, panel discussions, and public debates at the event will feature constructive dialogue on Europe and the significance and development of the European Union, without forgetting other topical domestic or international issues. Europe Forum also aims to bring interesting international guests and speeches to Finland.[\/vc_column_text][divider line_type=&#8221;No Line&#8221; custom_height=&#8221;30&#8243; custom_height_phone=&#8221;15&#8243;][nectar_responsive_text inherited_font_style=&#8221;default&#8221; text_color=&#8221;#003399&#8243; text_direction=&#8221;default&#8221;]\n<h3><span class=\"TextRun SCXW10938427 BCX8\" lang=\"EN-US\" xml:lang=\"EN-US\" data-contrast=\"auto\"><span class=\"NormalTextRun SCXW10938427 BCX8\">Who is the <\/span><span class=\"NormalTextRun SpellingErrorV2Themed SCXW10938427 BCX8\">organiser<\/span><span class=\"NormalTextRun SCXW10938427 BCX8\">?<\/span><\/span><span class=\"EOP SCXW10938427 BCX8\" data-ccp-props=\"{}\">\u00a0<\/span><\/h3>\n[\/nectar_responsive_text][vc_column_text css=&#8221;&#8221; text_direction=&#8221;default&#8221;]<span class=\"TextRun SCXW265343609 BCX8\" lang=\"EN-US\" xml:lang=\"EN-US\" data-contrast=\"auto\"><span class=\"NormalTextRun SCXW265343609 BCX8\">Europe Forum is <\/span><span class=\"NormalTextRun SpellingErrorV2Themed SCXW265343609 BCX8\">organised<\/span><span class=\"NormalTextRun SCXW265343609 BCX8\"> by<\/span> <span class=\"NormalTextRun SpellingErrorV2Themed SCXW265343609 BCX8\">Eurooppa-Foorumi<\/span> <span class=\"NormalTextRun SpellingErrorV2Themed SCXW265343609 BCX8\">Turussa<\/span> <span class=\"NormalTextRun SpellingErrorV2Themed SCXW265343609 BCX8\">ry<\/span><span class=\"NormalTextRun SCXW265343609 BCX8\">, a <\/span><span class=\"NormalTextRun SCXW265343609 BCX8\">not-for-profit association founded on 23 October 2018. Europe Forum<\/span><span class=\"NormalTextRun SCXW265343609 BCX8\">\u2019s <\/span><span class=\"NormalTextRun SpellingErrorV2Themed SCXW265343609 BCX8\">programme<\/span><span class=\"NormalTextRun SCXW265343609 BCX8\"> consists of <\/span><span class=\"NormalTextRun SCXW265343609 BCX8\">discussions, presentations and <\/span><span class=\"NormalTextRun SCXW265343609 BCX8\">panels<\/span> <span class=\"NormalTextRun SCXW265343609 BCX8\">arranged by <\/span><span class=\"NormalTextRun SpellingErrorV2Themed SCXW265343609 BCX8\">programme<\/span> <span class=\"NormalTextRun SpellingErrorV2Themed SCXW265343609 BCX8\">organisers<\/span><span class=\"NormalTextRun SCXW265343609 BCX8\">.<\/span><\/span><span class=\"EOP SCXW265343609 BCX8\" data-ccp-props=\"{}\">\u00a0<\/span>[\/vc_column_text][divider line_type=&#8221;No Line&#8221; custom_height=&#8221;30&#8243; custom_height_phone=&#8221;15&#8243;][nectar_responsive_text inherited_font_style=&#8221;default&#8221; text_color=&#8221;#003399&#8243; text_direction=&#8221;default&#8221;]\n<h3>Members of\u00a0Eurooppa-foorumi Turussa ry<\/h3>\n[\/nectar_responsive_text][vc_column_text css=&#8221;&#8221; text_direction=&#8221;default&#8221;]Turun kaupunki, Business Turku, Turun yliopisto, Turun yliopistos\u00e4\u00e4ti\u00f6, \u00c5bo Akademi, Stiftelsen f\u00f6r \u00c5bo Akademi, Turun kauppakamari, Varsinais-Suomen liitto, Turun yliopiston ylioppilaskunta, \u00c5bo Akademis Studentk\u00e5r, Schuman-Seura, Turun Ammattikorkeakoulu, Turun nuorkauppakamari, Sitra, Eurooppalainen Suomi ry.[\/vc_column_text][\/vc_column_inner][vc_column_inner column_padding=&#8221;no-extra-padding&#8221; column_padding_tablet=&#8221;inherit&#8221; column_padding_phone=&#8221;inherit&#8221; column_padding_position=&#8221;all&#8221; top_margin_phone=&#8221;20&#8243; column_element_direction_desktop=&#8221;default&#8221; column_element_spacing=&#8221;default&#8221; desktop_text_alignment=&#8221;default&#8221; tablet_text_alignment=&#8221;default&#8221; phone_text_alignment=&#8221;default&#8221; background_color_opacity=&#8221;1&#8243; background_hover_color_opacity=&#8221;1&#8243; column_backdrop_filter=&#8221;none&#8221; column_shadow=&#8221;none&#8221; column_border_radius=&#8221;none&#8221; column_link_target=&#8221;_self&#8221; overflow=&#8221;visible&#8221; gradient_direction=&#8221;left_to_right&#8221; overlay_strength=&#8221;0.3&#8243; width=&#8221;1\/2&#8243; tablet_width_inherit=&#8221;default&#8221; animation_type=&#8221;default&#8221; bg_image_animation=&#8221;none&#8221; border_type=&#8221;simple&#8221; column_border_width=&#8221;none&#8221; column_border_style=&#8221;solid&#8221; column_padding_type=&#8221;default&#8221; gradient_type=&#8221;default&#8221;][nectar_responsive_text inherited_font_style=&#8221;default&#8221; text_color=&#8221;#003399&#8243; text_direction=&#8221;default&#8221;]\n<h3>Why?<\/h3>\n[\/nectar_responsive_text][vc_column_text css=&#8221;&#8221; text_direction=&#8221;default&#8221;]<span data-contrast=\"auto\">The majority of Finns consider the European Union membership a good thing and think that Finland has benefited from it. Cooperation between the EU countries, the union\u2019s positive impact on economic growth, and the new jobs created by the EU make Finns keep the door open to Europe. On the other hand, some Finns are skeptical about the future of the EU.<\/span><span data-ccp-props=\"{}\">\u00a0<\/span><\/p>\n<p><span data-contrast=\"auto\">Europe and the European Union are undergoing changes. These changes have increased the pressure to develop European cooperation in many areas. This raises a question: what will the EU look like in the future?<\/span><span data-ccp-props=\"{}\">\u00a0<\/span><\/p>\n<p><span data-contrast=\"auto\">In the near future, a broad and pluralistic, future-focused civil dialogue on Finland\u2019s position in Europe and the European Union is needed. For this dialogue to be possible, we need an open and fresh mind, a constructively critical attitude, and a willingness to offer new prospects for the development of Europe and Finland. This requires accurate information about situations and possible solutions. The need for dialogue is not only temporary, but permanent. As far as Finland is concerned, the European Union plays a significant role in solving, for example, economic, legislative, immigration and environmental issues. Finland\u2019s accession to NATO also increases the need for a broader foreign policy debate\u2014what is Finland\u2019s place in the world?<\/span><span data-ccp-props=\"{}\">\u00a0<\/span><\/p>\n<p><span data-contrast=\"auto\">Finland has lacked a platform for a joint EU debate between citizens, policymakers and various societal actors. Europe Forum responds to the need: it is a place to discuss the future of Finland and Europe.<\/span><span data-ccp-props=\"{}\">\u00a0<\/span>[\/vc_column_text][\/vc_column_inner][\/vc_row_inner][\/vc_column][\/vc_row][vc_row type=&#8221;in_container&#8221; full_screen_row_position=&#8221;middle&#8221; column_margin=&#8221;default&#8221; column_direction=&#8221;default&#8221; column_direction_tablet=&#8221;default&#8221; column_direction_phone=&#8221;default&#8221; scene_position=&#8221;center&#8221; top_padding=&#8221;4%&#8221; constrain_group_1=&#8221;yes&#8221; bottom_padding=&#8221;4%&#8221; top_padding_phone=&#8221;12%&#8221; constrain_group_5=&#8221;yes&#8221; bottom_padding_phone=&#8221;12%&#8221; text_color=&#8221;dark&#8221; text_align=&#8221;left&#8221; row_border_radius=&#8221;none&#8221; row_border_radius_applies=&#8221;bg&#8221; overflow=&#8221;visible&#8221; disable_element=&#8221;yes&#8221; overlay_strength=&#8221;0.3&#8243; gradient_direction=&#8221;left_to_right&#8221; shape_divider_position=&#8221;bottom&#8221; bg_image_animation=&#8221;none&#8221; gradient_type=&#8221;default&#8221; shape_type=&#8221;&#8221;][vc_column column_padding=&#8221;no-extra-padding&#8221; column_padding_tablet=&#8221;inherit&#8221; column_padding_phone=&#8221;inherit&#8221; column_padding_position=&#8221;all&#8221; column_element_direction_desktop=&#8221;default&#8221; column_element_spacing=&#8221;default&#8221; desktop_text_alignment=&#8221;default&#8221; tablet_text_alignment=&#8221;default&#8221; phone_text_alignment=&#8221;default&#8221; background_color_opacity=&#8221;1&#8243; background_hover_color_opacity=&#8221;1&#8243; column_backdrop_filter=&#8221;none&#8221; column_shadow=&#8221;none&#8221; column_border_radius=&#8221;none&#8221; column_link_target=&#8221;_self&#8221; column_position=&#8221;default&#8221; gradient_direction=&#8221;left_to_right&#8221; overlay_strength=&#8221;0.3&#8243; width=&#8221;1\/1&#8243; tablet_width_inherit=&#8221;default&#8221; animation_type=&#8221;default&#8221; bg_image_animation=&#8221;none&#8221; border_type=&#8221;simple&#8221; column_border_width=&#8221;none&#8221; column_border_style=&#8221;solid&#8221; column_padding_type=&#8221;default&#8221; gradient_type=&#8221;default&#8221;][vc_row_inner equal_height=&#8221;yes&#8221; content_placement=&#8221;middle&#8221; column_margin=&#8221;default&#8221; column_direction=&#8221;default&#8221; column_direction_tablet=&#8221;default&#8221; column_direction_phone=&#8221;default&#8221; text_align=&#8221;left&#8221; row_position=&#8221;default&#8221; row_position_tablet=&#8221;inherit&#8221; row_position_phone=&#8221;inherit&#8221; overflow=&#8221;visible&#8221; pointer_events=&#8221;all&#8221;][vc_column_inner column_padding=&#8221;no-extra-padding&#8221; column_padding_tablet=&#8221;inherit&#8221; column_padding_phone=&#8221;inherit&#8221; column_padding_position=&#8221;all&#8221; column_element_direction_desktop=&#8221;default&#8221; column_element_spacing=&#8221;default&#8221; desktop_text_alignment=&#8221;default&#8221; tablet_text_alignment=&#8221;default&#8221; phone_text_alignment=&#8221;default&#8221; background_color_opacity=&#8221;1&#8243; background_hover_color_opacity=&#8221;1&#8243; column_backdrop_filter=&#8221;none&#8221; column_shadow=&#8221;none&#8221; column_border_radius=&#8221;none&#8221; column_link_target=&#8221;_self&#8221; overflow=&#8221;visible&#8221; gradient_direction=&#8221;left_to_right&#8221; overlay_strength=&#8221;0.3&#8243; width=&#8221;2\/3&#8243; tablet_width_inherit=&#8221;default&#8221; animation_type=&#8221;default&#8221; bg_image_animation=&#8221;none&#8221; border_type=&#8221;simple&#8221; column_border_width=&#8221;none&#8221; column_border_style=&#8221;solid&#8221;][nectar_responsive_text inherited_font_style=&#8221;default&#8221; text_color=&#8221;#003399&#8243; text_direction=&#8221;default&#8221; font_line_height=&#8221;1.2&#8243; max_width=&#8221;200&#8243;]\n<h2>Ajankohtaista<\/h2>\n[\/nectar_responsive_text][\/vc_column_inner][vc_column_inner column_padding=&#8221;no-extra-padding&#8221; column_padding_tablet=&#8221;inherit&#8221; column_padding_phone=&#8221;inherit&#8221; column_padding_position=&#8221;all&#8221; column_element_direction_desktop=&#8221;default&#8221; column_element_spacing=&#8221;default&#8221; desktop_text_alignment=&#8221;right&#8221; tablet_text_alignment=&#8221;default&#8221; phone_text_alignment=&#8221;left&#8221; background_color_opacity=&#8221;1&#8243; background_hover_color_opacity=&#8221;1&#8243; column_backdrop_filter=&#8221;none&#8221; column_shadow=&#8221;none&#8221; column_border_radius=&#8221;none&#8221; column_link_target=&#8221;_self&#8221; overflow=&#8221;visible&#8221; gradient_direction=&#8221;left_to_right&#8221; overlay_strength=&#8221;0.3&#8243; width=&#8221;1\/3&#8243; tablet_width_inherit=&#8221;default&#8221; animation_type=&#8221;default&#8221; bg_image_animation=&#8221;none&#8221; border_type=&#8221;simple&#8221; column_border_width=&#8221;none&#8221; column_border_style=&#8221;solid&#8221; column_padding_type=&#8221;default&#8221; gradient_type=&#8221;default&#8221;][nectar_btn size=&#8221;large&#8221; button_style=&#8221;regular&#8221; button_color_2=&#8221;Accent-Color&#8221; icon_family=&#8221;none&#8221; text=&#8221;Kaikki uutiset&#8221; url=&#8221;https:\/\/europeforum.fi\/en\/news\/&#8221;][\/vc_column_inner][\/vc_row_inner][nectar_post_grid post_type=&#8221;post&#8221; blog_category=&#8221;ajankohtaista&#8221; blog_starting_category=&#8221;all&#8221; order=&#8221;DESC&#8221; orderby=&#8221;date&#8221; pagination=&#8221;none&#8221; columns=&#8221;3&#8243; columns_tablet=&#8221;default&#8221; columns_phone=&#8221;default&#8221; grid_item_spacing=&#8221;35px&#8221; grid_item_height=&#8221;30vh&#8221; 3_col_masonry_layout=&#8221;default&#8221; image_size=&#8221;large&#8221; image_loading=&#8221;lazy-load&#8221; animation=&#8221;none&#8221; animation_stagger=&#8221;90&#8243; animation_easing=&#8221;default&#8221; heading_tag=&#8221;h4&#8243; category_position=&#8221;default&#8221; display_excerpt=&#8221;yes&#8221; excerpt_display=&#8221;default&#8221; display_date=&#8221;yes&#8221; additional_meta_size=&#8221;default&#8221; custom_fields_location=&#8221;before_post_meta&#8221; grid_style=&#8221;content_under_image&#8221; content_under_image_text_align=&#8221;left&#8221; text_color=&#8221;dark&#8221; hover_effect=&#8221;zoom&#8221; border_radius=&#8221;10px&#8221; posts_per_page=&#8221;6&#8243; display_type=&#8221;grid&#8221; image_loading_lazy_skip=&#8221;3&#8243; excerpt_length=&#8221;15&#8243;][\/vc_column][\/vc_row]\n","protected":false},"excerpt":{"rendered":"<p>[vc_row type=&#8221;full_width_background&#8221; full_screen_row_position=&#8221;middle&#8221; column_margin=&#8221;default&#8221; column_direction=&#8221;default&#8221; column_direction_tablet=&#8221;default&#8221; column_direction_phone=&#8221;default&#8221; bg_color=&#8221;#ffffff&#8221; animated_gradient_bg=&#8221;true&#8221; animated_gradient_bg_color_1=&#8221;#e5ecff&#8221; animated_gradient_bg_color_2=&#8221;#c6dcff&#8221; animated_gradient_bg_speed=&#8221;850&#8243; animated_gradient_bg_blending_mode=&#8221;linear&#8221; scene_position=&#8221;center&#8221; top_padding=&#8221;180&#8243; bottom_padding=&#8221;4%&#8221; top_padding_tablet=&#8221;50&#8243; top_padding_phone=&#8221;50&#8243; bottom_padding_phone=&#8221;15%&#8221; text_color=&#8221;dark&#8221; text_align=&#8221;left&#8221; row_border_radius=&#8221;none&#8221; row_border_radius_applies=&#8221;bg&#8221; overflow=&#8221;visible&#8221; overlay_strength=&#8221;0.3&#8243; gradient_direction=&#8221;left_to_right&#8221; shape_divider_position=&#8221;bottom&#8221; bg_image_animation=&#8221;none&#8221; gradient_type=&#8221;default&#8221; shape_type=&#8221;&#8221;][vc_column&#8230;<\/p>\n","protected":false},"author":1,"featured_media":0,"parent":0,"menu_order":0,"comment_status":"closed","ping_status":"closed","template":"","meta":{"footnotes":""},"class_list":["post-6418","page","type-page","status-publish"],"_links":{"self":[{"href":"https:\/\/europeforum.fi\/en\/wp-json\/wp\/v2\/pages\/6418","targetHints":{"allow":["GET"]}}],"collection":[{"href":"https:\/\/europeforum.fi\/en\/wp-json\/wp\/v2\/pages"}],"about":[{"href":"https:\/\/europeforum.fi\/en\/wp-json\/wp\/v2\/types\/page"}],"author":[{"embeddable":true,"href":"https:\/\/europeforum.fi\/en\/wp-json\/wp\/v2\/users\/1"}],"replies":[{"embeddable":true,"href":"https:\/\/europeforum.fi\/en\/wp-json\/wp\/v2\/comments?post=6418"}],"version-history":[{"count":9,"href":"https:\/\/europeforum.fi\/en\/wp-json\/wp\/v2\/pages\/6418\/revisions"}],"predecessor-version":[{"id":10484,"href":"https:\/\/europeforum.fi\/en\/wp-json\/wp\/v2\/pages\/6418\/revisions\/10484"}],"wp:attachment":[{"href":"https:\/\/europeforum.fi\/en\/wp-json\/wp\/v2\/media?parent=6418"}],"curies":[{"name":"wp","href":"https:\/\/api.w.org\/{rel}","templated":true}]}}