{"id":6435,"date":"2024-04-29T18:59:28","date_gmt":"2024-04-29T15:59:28","guid":{"rendered":"https:\/\/europeforum.fi\/ohjelma"},"modified":"2025-09-11T16:25:17","modified_gmt":"2025-09-11T13:25:17","slug":"program","status":"publish","type":"page","link":"https:\/\/europeforum.fi\/sv\/program\/","title":{"rendered":"Program"},"content":{"rendered":"[vc_row type=&#8221;full_width_background&#8221; full_screen_row_position=&#8221;middle&#8221; column_margin=&#8221;default&#8221; column_direction=&#8221;default&#8221; column_direction_tablet=&#8221;default&#8221; column_direction_phone=&#8221;default&#8221; bg_color=&#8221;#ffffff&#8221; animated_gradient_bg=&#8221;true&#8221; animated_gradient_bg_color_1=&#8221;#e5ecff&#8221; animated_gradient_bg_color_2=&#8221;#c6dcff&#8221; animated_gradient_bg_speed=&#8221;850&#8243; animated_gradient_bg_blending_mode=&#8221;linear&#8221; scene_position=&#8221;center&#8221; top_padding=&#8221;180&#8243; bottom_padding=&#8221;4%&#8221; top_padding_tablet=&#8221;50&#8243; top_padding_phone=&#8221;50&#8243; bottom_padding_phone=&#8221;15%&#8221; text_color=&#8221;dark&#8221; text_align=&#8221;left&#8221; row_border_radius=&#8221;none&#8221; row_border_radius_applies=&#8221;bg&#8221; overflow=&#8221;visible&#8221; overlay_strength=&#8221;0.3&#8243; gradient_direction=&#8221;left_to_right&#8221; shape_divider_position=&#8221;bottom&#8221; bg_image_animation=&#8221;none&#8221; gradient_type=&#8221;default&#8221; shape_type=&#8221;&#8221;][vc_column left_padding_desktop=&#8221;4%&#8221; constrain_group_101=&#8221;yes&#8221; right_padding_desktop=&#8221;4%&#8221; left_padding_tablet=&#8221;0&#8243; constrain_group_103=&#8221;yes&#8221; right_padding_tablet=&#8221;0&#8243; left_padding_phone=&#8221;0&#8243; constrain_group_105=&#8221;yes&#8221; right_padding_phone=&#8221;0&#8243; column_element_direction_desktop=&#8221;default&#8221; column_element_spacing=&#8221;default&#8221; desktop_text_alignment=&#8221;default&#8221; tablet_text_alignment=&#8221;default&#8221; phone_text_alignment=&#8221;default&#8221; background_color_opacity=&#8221;1&#8243; background_hover_color_opacity=&#8221;1&#8243; column_backdrop_filter=&#8221;none&#8221; column_shadow=&#8221;none&#8221; column_border_radius=&#8221;none&#8221; column_link_target=&#8221;_self&#8221; column_position=&#8221;default&#8221; gradient_direction=&#8221;left_to_right&#8221; overlay_strength=&#8221;0.3&#8243; width=&#8221;1\/1&#8243; tablet_width_inherit=&#8221;small_desktop&#8221; animation_type=&#8221;default&#8221; bg_image_animation=&#8221;none&#8221; border_type=&#8221;simple&#8221; column_border_width=&#8221;none&#8221; column_border_style=&#8221;solid&#8221; column_padding_type=&#8221;advanced&#8221; gradient_type=&#8221;default&#8221;][vc_row_inner equal_height=&#8221;yes&#8221; content_placement=&#8221;middle&#8221; column_margin=&#8221;100px&#8221; column_direction=&#8221;default&#8221; column_direction_tablet=&#8221;column_reverse&#8221; column_direction_phone=&#8221;column_reverse&#8221; text_align=&#8221;left&#8221; row_position=&#8221;default&#8221; row_position_tablet=&#8221;inherit&#8221; row_position_phone=&#8221;inherit&#8221; overflow=&#8221;visible&#8221; pointer_events=&#8221;all&#8221;][vc_column_inner column_padding=&#8221;no-extra-padding&#8221; column_padding_tablet=&#8221;inherit&#8221; column_padding_phone=&#8221;inherit&#8221; column_padding_position=&#8221;all&#8221; top_margin_tablet=&#8221;2%&#8221; column_element_direction_desktop=&#8221;default&#8221; column_element_spacing=&#8221;default&#8221; desktop_text_alignment=&#8221;default&#8221; tablet_text_alignment=&#8221;default&#8221; phone_text_alignment=&#8221;default&#8221; background_color_opacity=&#8221;1&#8243; background_hover_color_opacity=&#8221;1&#8243; column_backdrop_filter=&#8221;none&#8221; column_shadow=&#8221;none&#8221; column_border_radius=&#8221;none&#8221; column_link_target=&#8221;_self&#8221; overflow=&#8221;visible&#8221; gradient_direction=&#8221;left_to_right&#8221; overlay_strength=&#8221;0.3&#8243; width=&#8221;3\/5&#8243; tablet_width_inherit=&#8221;default&#8221; animation_type=&#8221;default&#8221; bg_image_animation=&#8221;none&#8221; border_type=&#8221;simple&#8221; column_border_width=&#8221;none&#8221; column_border_style=&#8221;solid&#8221; column_padding_type=&#8221;default&#8221; gradient_type=&#8221;default&#8221;][nectar_responsive_text inherited_font_style=&#8221;default&#8221; text_color=&#8221;#003399&#8243; text_direction=&#8221;default&#8221; font_size_desktop=&#8221;77px&#8221; font_line_height=&#8221;1&#8243; font_size_phone=&#8221;55px&#8221; max_width=&#8221;570&#8243;]\n<h1>Program 2025<\/h1>\n[\/nectar_responsive_text][nectar_responsive_text inherited_font_style=&#8221;default&#8221; text_color=&#8221;#003399&#8243; font_size_desktop=&#8221;20&#8243; font_size_phone=&#8221;17&#8243; font_line_height=&#8221;1.3&#8243; max_width=&#8221;600&#8243; text_direction=&#8221;default&#8221;]<span class=\"TextRun SCXW235993966 BCX8\" lang=\"SV-FI\" xml:lang=\"SV-FI\" data-contrast=\"auto\"><span class=\"NormalTextRun SCXW235993966 BCX8\">H\u00e4r nedan kan du f\u00e5 en inblick i programinneh\u00e5llet f\u00f6r Europaforum 2025. N\u00e4sta Europaforum ordnas 26\u201328.8.2026.<\/span><\/span>[\/nectar_responsive_text][nectar_btn size=&#8221;large&#8221; open_new_tab=&#8221;true&#8221; button_style=&#8221;regular&#8221; button_color_2=&#8221;Accent-Color&#8221; icon_family=&#8221;fontawesome&#8221; text=&#8221;Program PDF 2025&#8243; url=&#8221;https:\/\/europeforum.fi\/wp-content\/uploads\/2025\/08\/EF-kasiohjelma2025-verkkoon.pdf&#8221; margin_right=&#8221;15&#8243; icon_fontawesome=&#8221;fa fa-file-pdf-o&#8221;][\/vc_column_inner][vc_column_inner column_padding=&#8221;no-extra-padding&#8221; column_padding_tablet=&#8221;inherit&#8221; column_padding_phone=&#8221;inherit&#8221; column_padding_position=&#8221;all&#8221; column_element_direction_desktop=&#8221;default&#8221; column_element_spacing=&#8221;default&#8221; desktop_text_alignment=&#8221;default&#8221; tablet_text_alignment=&#8221;default&#8221; phone_text_alignment=&#8221;default&#8221; background_color_opacity=&#8221;1&#8243; background_hover_color_opacity=&#8221;1&#8243; column_backdrop_filter=&#8221;none&#8221; column_shadow=&#8221;none&#8221; column_border_radius=&#8221;none&#8221; column_link_target=&#8221;_self&#8221; overflow=&#8221;visible&#8221; gradient_direction=&#8221;left_to_right&#8221; overlay_strength=&#8221;0.3&#8243; width=&#8221;2\/5&#8243; tablet_width_inherit=&#8221;default&#8221; animation_type=&#8221;default&#8221; bg_image_animation=&#8221;none&#8221; border_type=&#8221;simple&#8221; column_border_width=&#8221;none&#8221; column_border_style=&#8221;solid&#8221; column_padding_type=&#8221;default&#8221; gradient_type=&#8221;default&#8221;][image_with_animation image_url=&#8221;8986&#8243; image_size=&#8221;full&#8221; animation_type=&#8221;entrance&#8221; animation=&#8221;None&#8221; animation_movement_type=&#8221;transform_y&#8221; hover_animation=&#8221;none&#8221; alignment=&#8221;&#8221; border_radius=&#8221;none&#8221; box_shadow=&#8221;none&#8221; image_loading=&#8221;default&#8221; max_width=&#8221;100%&#8221; max_width_mobile=&#8221;default&#8221; mask_enable=&#8221;true&#8221; mask_shape=&#8221;custom&#8221; mask_custom_image=&#8221;5962&#8243; mask_size=&#8221;contain&#8221;][\/vc_column_inner][\/vc_row_inner][\/vc_column][\/vc_row][vc_row type=&#8221;full_width_background&#8221; full_screen_row_position=&#8221;middle&#8221; column_margin=&#8221;default&#8221; column_direction=&#8221;default&#8221; column_direction_tablet=&#8221;default&#8221; column_direction_phone=&#8221;default&#8221; bg_color=&#8221;#e4ecff&#8221; scene_position=&#8221;center&#8221; top_padding=&#8221;4%&#8221; bottom_padding=&#8221;4%&#8221; bottom_padding_tablet=&#8221;8%&#8221; bottom_padding_phone=&#8221;12%&#8221; text_color=&#8221;dark&#8221; text_align=&#8221;left&#8221; row_border_radius=&#8221;none&#8221; row_border_radius_applies=&#8221;bg&#8221; overflow=&#8221;visible&#8221; overlay_strength=&#8221;0.3&#8243; gradient_direction=&#8221;left_to_right&#8221; shape_divider_position=&#8221;bottom&#8221; bg_image_animation=&#8221;none&#8221; gradient_type=&#8221;default&#8221; shape_type=&#8221;&#8221;][vc_column constrain_group_101=&#8221;yes&#8221; left_padding_tablet=&#8221;0&#8243; constrain_group_103=&#8221;yes&#8221; right_padding_tablet=&#8221;0&#8243; left_padding_phone=&#8221;0&#8243; constrain_group_105=&#8221;yes&#8221; right_padding_phone=&#8221;0&#8243; column_element_direction_desktop=&#8221;default&#8221; column_element_spacing=&#8221;default&#8221; desktop_text_alignment=&#8221;default&#8221; tablet_text_alignment=&#8221;default&#8221; phone_text_alignment=&#8221;default&#8221; background_color_opacity=&#8221;1&#8243; background_hover_color_opacity=&#8221;1&#8243; column_backdrop_filter=&#8221;none&#8221; column_shadow=&#8221;none&#8221; column_border_radius=&#8221;none&#8221; column_link_target=&#8221;_self&#8221; column_position=&#8221;default&#8221; gradient_direction=&#8221;left_to_right&#8221; overlay_strength=&#8221;0.3&#8243; width=&#8221;1\/1&#8243; tablet_width_inherit=&#8221;default&#8221; animation_type=&#8221;default&#8221; bg_image_animation=&#8221;none&#8221; border_type=&#8221;simple&#8221; column_border_width=&#8221;none&#8221; column_border_style=&#8221;solid&#8221; column_padding_type=&#8221;advanced&#8221; gradient_type=&#8221;default&#8221;][vc_raw_js]JTNDJTIxLS0lMjBFbGZzaWdodCUyMEV2ZW50JTIwQ2FsZW5kYXIlMjAlN0MlMjBFdXJvb3BwYSUyMEZvb3J1bWklMjAyMDI1JTIwLS0lM0UlMEElM0NzY3JpcHQlMjBzcmMlM0QlMjJodHRwcyUzQSUyRiUyRnN0YXRpYy5lbGZzaWdodC5jb20lMkZwbGF0Zm9ybSUyRnBsYXRmb3JtLmpzJTIyJTIwYXN5bmMlM0UlM0MlMkZzY3JpcHQlM0UlMEElM0NkaXYlMjBjbGFzcyUzRCUyMmVsZnNpZ2h0LWFwcC1jY2JjZmFhNC0xYjg0LTQ3ODMtOGY1Ny04ZDM4NzU5MzBjMzQlMjIlMjBkYXRhLWVsZnNpZ2h0LWFwcC1sYXp5JTNFJTNDJTJGZGl2JTNF[\/vc_raw_js][\/vc_column][\/vc_row]\n","protected":false},"excerpt":{"rendered":"<p>[vc_row type=&#8221;full_width_background&#8221; full_screen_row_position=&#8221;middle&#8221; column_margin=&#8221;default&#8221; column_direction=&#8221;default&#8221; column_direction_tablet=&#8221;default&#8221; column_direction_phone=&#8221;default&#8221; bg_color=&#8221;#ffffff&#8221; animated_gradient_bg=&#8221;true&#8221; animated_gradient_bg_color_1=&#8221;#e5ecff&#8221; animated_gradient_bg_color_2=&#8221;#c6dcff&#8221; animated_gradient_bg_speed=&#8221;850&#8243; animated_gradient_bg_blending_mode=&#8221;linear&#8221; scene_position=&#8221;center&#8221; top_padding=&#8221;180&#8243; bottom_padding=&#8221;4%&#8221; top_padding_tablet=&#8221;50&#8243; top_padding_phone=&#8221;50&#8243; bottom_padding_phone=&#8221;15%&#8221; text_color=&#8221;dark&#8221; text_align=&#8221;left&#8221; row_border_radius=&#8221;none&#8221; row_border_radius_applies=&#8221;bg&#8221; overflow=&#8221;visible&#8221; overlay_strength=&#8221;0.3&#8243; gradient_direction=&#8221;left_to_right&#8221; shape_divider_position=&#8221;bottom&#8221; bg_image_animation=&#8221;none&#8221; gradient_type=&#8221;default&#8221; shape_type=&#8221;&#8221;][vc_column&#8230;<\/p>\n","protected":false},"author":1,"featured_media":0,"parent":0,"menu_order":0,"comment_status":"closed","ping_status":"closed","template":"","meta":{"footnotes":""},"class_list":["post-6435","page","type-page","status-publish"],"_links":{"self":[{"href":"https:\/\/europeforum.fi\/sv\/wp-json\/wp\/v2\/pages\/6435","targetHints":{"allow":["GET"]}}],"collection":[{"href":"https:\/\/europeforum.fi\/sv\/wp-json\/wp\/v2\/pages"}],"about":[{"href":"https:\/\/europeforum.fi\/sv\/wp-json\/wp\/v2\/types\/page"}],"author":[{"embeddable":true,"href":"https:\/\/europeforum.fi\/sv\/wp-json\/wp\/v2\/users\/1"}],"replies":[{"embeddable":true,"href":"https:\/\/europeforum.fi\/sv\/wp-json\/wp\/v2\/comments?post=6435"}],"version-history":[{"count":15,"href":"https:\/\/europeforum.fi\/sv\/wp-json\/wp\/v2\/pages\/6435\/revisions"}],"predecessor-version":[{"id":11662,"href":"https:\/\/europeforum.fi\/sv\/wp-json\/wp\/v2\/pages\/6435\/revisions\/11662"}],"wp:attachment":[{"href":"https:\/\/europeforum.fi\/sv\/wp-json\/wp\/v2\/media?parent=6435"}],"curies":[{"name":"wp","href":"https:\/\/api.w.org\/{rel}","templated":true}]}}